{"id":185,"date":"2014-01-31T11:14:18","date_gmt":"2014-01-31T09:14:18","guid":{"rendered":"https:\/\/www.nutriplanet.org\/?page_id=185"},"modified":"2014-05-13T14:33:18","modified_gmt":"2014-05-13T11:33:18","slug":"nutriplanet","status":"publish","type":"page","link":"https:\/\/www.nutriplanet.org\/et\/nutriplanet\/","title":{"rendered":"Nutriplanet"},"content":{"rendered":"<p>Tere k\u00f5igile! Lubage meid ja mind ennast tutvustada \u2013 mina olen Nele Liivlaid, \u00fcks Nutriplanet Health Hub&#8217;i asutajatest .<\/p>\n<p>Nutriplanet Health Hub aitab terviseteadlikel teotahtelistel inimestel l\u00e4bi \u00f5igete\/teadlike valikute elada pikka\/vitaalset elu.<\/p>\n<p>Me tahame aidata inimest, kes on \u00e4rgas, tahab elu nautida ning ei soovi kogu aeg m\u00f5elda oma tervise ja kehakaalu peale.<\/p>\n<p>Juba m\u00f5nda aega tagasi sain aru, et Hippokratesel oli \u00f5igus, kui ta \u00fctles, et toit on sinu ravim. Hakkasin lugema erialast kirjandust ning olin h\u00e4mmingus, kui lihtne ja loogiline on tegelikult oma tervise hoidmise saladus \u2013 mingit saladust ei olegi \u2013 lihtne t\u00f5de on t\u00e4nap\u00e4eval paraku l\u00e4mmatatud ravimi- ja toiduainet\u00f6\u00f6stuse poolt. Ma olin h\u00e4mmingus omaenda teadmatusest ning ahastuses, m\u00f5eldes, kui palju inimesed m\u00f5ttetult haigusi p\u00f5evad \u2013 neid haigusi ei eksisteeriks, kui meie elustiil poleks nii juurte juurest eemale rebitud.<\/p>\n<p>Me naudime seda, et saame inimestel aidata infok\u00fclluses orienteeruda, j\u00f5uda arusaamiseni tervislikust eluviisist ning selle j\u00e4rk-j\u00e4rgult oma ellu adapteerida.<\/p>\n<p>Nutriplanet&#8217;i eesm\u00e4rk on kokku koguda usaldusv\u00e4\u00e4rne informatsioon \u00f5igest toitumisest, kehalisest treeningust ja tervest vaimust l\u00e4bi artiklite, blogipostituste, \u00f5ppevideode, retseptide ning ostlemise ja v\u00e4ljas s\u00f6\u00f6mise juhistega.<\/p>\n<p>V\u00f5ttes omaks tervislikuma elustiili hakkad sa palju paremini tunnetama oma keha ning \u201evale k\u00fctuse\u201c tankimine muutub \u00fcha vastumeelsemaks. Oma autosse ei taha ju keegi solkk\u00fctust valada \u2013 millegip\u00e4rast arvatakse oma kehast palju halvemini \u2013 auto saab v\u00e4lja vahetada, oma keha mitte \u2013 see antakse meile kasutada ainult \u00fcks terveks eluks.<\/p>\n<p>Nutriplanet&#8217;i suurimaks ambitsiooniks on muuta maailm paremaks paigaks, kus inimeste elustiili ei dikteeri suured t\u00f6\u00f6stused, Maad ei kurnata igal v\u00f5imalusel ja viisil ning elatakse v\u00f5imalikult loodusl\u00e4hedast ja \u00f5nnelikku elu.<\/p>\n<p>Ka Sina saad meid hea tervise ja t\u00e4isv\u00e4\u00e4rtusliku elu lihtsate t\u00f5dede levitamisega aidata!<\/p>\n","protected":false},"excerpt":{"rendered":"<p>Tere k\u00f5igile! Lubage meid ja mind ennast tutvustada \u2013 mina olen Nele Liivlaid, \u00fcks Nutriplanet Health Hub&#8217;i asutajatest . Nutriplanet Health Hub aitab terviseteadlikel teotahtelistel inimestel l\u00e4bi \u00f5igete\/teadlike valikute elada pikka\/vitaalset elu. Me tahame aidata inimest, kes on \u00e4rgas, tahab elu nautida ning ei soovi kogu aeg m\u00f5elda oma tervise [&hellip;]<\/p>\n","protected":false},"author":2,"featured_media":629,"parent":0,"menu_order":0,"comment_status":"open","ping_status":"closed","template":"","meta":{"footnotes":""},"class_list":["post-185","page","type-page","status-publish","has-post-thumbnail","hentry"],"yoast_head":"<!-- This site is optimized with the Yoast SEO Premium plugin v26.1 (Yoast SEO v26.1.1) - https:\/\/yoast.com\/wordpress\/plugins\/seo\/ -->\n<title>About Nutriplanet<\/title>\n<meta name=\"description\" content=\"Nutriplanet Health Hub will help health conscious and active people live happy, healthy, long lives by making right and sensible choices.\" \/>\n<meta name=\"robots\" content=\"index, follow, max-snippet:-1, max-image-preview:large, max-video-preview:-1\" \/>\n<link rel=\"canonical\" href=\"https:\/\/www.nutriplanet.org\/et\/nutriplanet\/\" \/>\n<meta property=\"og:locale\" content=\"et_EE\" \/>\n<meta property=\"og:type\" content=\"article\" \/>\n<meta property=\"og:title\" content=\"Nutriplanet\" \/>\n<meta property=\"og:description\" content=\"Nutriplanet Health Hub will help health conscious and active people live happy, healthy, long lives by making right and sensible choices.\" \/>\n<meta property=\"og:url\" content=\"https:\/\/www.nutriplanet.org\/et\/nutriplanet\/\" \/>\n<meta property=\"og:site_name\" content=\"Nutriplanet\" \/>\n<meta property=\"article:publisher\" content=\"https:\/\/www.facebook.com\/nutriplanet.health.hub\" \/>\n<meta property=\"article:modified_time\" content=\"2014-05-13T11:33:18+00:00\" \/>\n<meta property=\"og:image\" content=\"https:\/\/www.nutriplanet.org\/wp-content\/uploads\/2013\/10\/P6070675-copy1.jpg\" \/>\n\t<meta property=\"og:image:width\" content=\"2040\" \/>\n\t<meta property=\"og:image:height\" content=\"1261\" \/>\n\t<meta property=\"og:image:type\" content=\"image\/jpeg\" \/>\n<meta name=\"twitter:card\" content=\"summary_large_image\" \/>\n<meta name=\"twitter:site\" content=\"@thenutriplanet\" \/>\n<meta name=\"twitter:label1\" content=\"Est. reading time\" \/>\n\t<meta name=\"twitter:data1\" content=\"1 minut\" \/>\n<script type=\"application\/ld+json\" class=\"yoast-schema-graph\">{\"@context\":\"https:\/\/schema.org\",\"@graph\":[{\"@type\":\"WebPage\",\"@id\":\"https:\/\/www.nutriplanet.org\/et\/nutriplanet\/\",\"url\":\"https:\/\/www.nutriplanet.org\/et\/nutriplanet\/\",\"name\":\"About Nutriplanet\",\"isPartOf\":{\"@id\":\"https:\/\/www.nutriplanet.org\/et\/#website\"},\"primaryImageOfPage\":{\"@id\":\"https:\/\/www.nutriplanet.org\/et\/nutriplanet\/#primaryimage\"},\"image\":{\"@id\":\"https:\/\/www.nutriplanet.org\/et\/nutriplanet\/#primaryimage\"},\"thumbnailUrl\":\"https:\/\/www.nutriplanet.org\/wp-content\/uploads\/2013\/10\/P6070675-copy1.jpg\",\"datePublished\":\"2014-01-31T09:14:18+00:00\",\"dateModified\":\"2014-05-13T11:33:18+00:00\",\"description\":\"Nutriplanet Health Hub will help health conscious and active people live happy, healthy, long lives by making right and sensible choices.\",\"breadcrumb\":{\"@id\":\"https:\/\/www.nutriplanet.org\/et\/nutriplanet\/#breadcrumb\"},\"inLanguage\":\"et\",\"potentialAction\":[{\"@type\":\"ReadAction\",\"target\":[\"https:\/\/www.nutriplanet.org\/et\/nutriplanet\/\"]}]},{\"@type\":\"ImageObject\",\"inLanguage\":\"et\",\"@id\":\"https:\/\/www.nutriplanet.org\/et\/nutriplanet\/#primaryimage\",\"url\":\"https:\/\/www.nutriplanet.org\/wp-content\/uploads\/2013\/10\/P6070675-copy1.jpg\",\"contentUrl\":\"https:\/\/www.nutriplanet.org\/wp-content\/uploads\/2013\/10\/P6070675-copy1.jpg\",\"width\":2040,\"height\":1261},{\"@type\":\"BreadcrumbList\",\"@id\":\"https:\/\/www.nutriplanet.org\/et\/nutriplanet\/#breadcrumb\",\"itemListElement\":[{\"@type\":\"ListItem\",\"position\":1,\"name\":\"Home\",\"item\":\"https:\/\/www.nutriplanet.org\/et\/\"},{\"@type\":\"ListItem\",\"position\":2,\"name\":\"Nutriplanet\"}]},{\"@type\":\"WebSite\",\"@id\":\"https:\/\/www.nutriplanet.org\/et\/#website\",\"url\":\"https:\/\/www.nutriplanet.org\/et\/\",\"name\":\"Nutriplanet\",\"description\":\"Taimse terviktoidu retseptid. \u00d5lita. Suhkruta. Lihtsad ja puhtad.\",\"publisher\":{\"@id\":\"https:\/\/www.nutriplanet.org\/et\/#\/schema\/person\/79dcbfd752d700942d68aa83a9197e2a\"},\"potentialAction\":[{\"@type\":\"SearchAction\",\"target\":{\"@type\":\"EntryPoint\",\"urlTemplate\":\"https:\/\/www.nutriplanet.org\/et\/?s={search_term_string}\"},\"query-input\":{\"@type\":\"PropertyValueSpecification\",\"valueRequired\":true,\"valueName\":\"search_term_string\"}}],\"inLanguage\":\"et\"},{\"@type\":[\"Person\",\"Organization\"],\"@id\":\"https:\/\/www.nutriplanet.org\/et\/#\/schema\/person\/79dcbfd752d700942d68aa83a9197e2a\",\"name\":\"Nele Liivlaid\",\"image\":{\"@type\":\"ImageObject\",\"inLanguage\":\"et\",\"@id\":\"https:\/\/www.nutriplanet.org\/et\/#\/schema\/person\/image\/\",\"url\":\"https:\/\/www.nutriplanet.org\/wp-content\/uploads\/2019\/06\/MG_6208-500x500.jpg\",\"contentUrl\":\"https:\/\/www.nutriplanet.org\/wp-content\/uploads\/2019\/06\/MG_6208-500x500.jpg\",\"width\":500,\"height\":500,\"caption\":\"Nele Liivlaid\"},\"logo\":{\"@id\":\"https:\/\/www.nutriplanet.org\/et\/#\/schema\/person\/image\/\"},\"description\":\"I've been into healthy eating for many years, but developed a more profound interest in nutrition and related diseases when I started reading The China Study and other special books on nutrition. After being in real estate and hospitality business for more than 10 years I decided to totally change my path to spread the word about healthy and sustainable nutrition and lifestyle. I hope you enjoy my whole food plant-based recipes and practical tips!\",\"sameAs\":[\"https:\/\/www.nutriplanet.org\",\"https:\/\/www.facebook.com\/nutriplanet.health.hub\",\"https:\/\/www.instagram.com\/thenutriplanet\/\",\"https:\/\/www.pinterest.com\/nutriplanet\/\",\"https:\/\/x.com\/thenutriplanet\",\"https:\/\/www.youtube.com\/channel\/UCG0mgoKaw8J8OZ6ja3VzedQ\",\"https:\/\/nutriplanet.tumblr.com\/\"]}]}<\/script>\n<!-- \/ Yoast SEO Premium plugin. -->","yoast_head_json":{"title":"About Nutriplanet","description":"Nutriplanet Health Hub will help health conscious and active people live happy, healthy, long lives by making right and sensible choices.","robots":{"index":"index","follow":"follow","max-snippet":"max-snippet:-1","max-image-preview":"max-image-preview:large","max-video-preview":"max-video-preview:-1"},"canonical":"https:\/\/www.nutriplanet.org\/et\/nutriplanet\/","og_locale":"et_EE","og_type":"article","og_title":"Nutriplanet","og_description":"Nutriplanet Health Hub will help health conscious and active people live happy, healthy, long lives by making right and sensible choices.","og_url":"https:\/\/www.nutriplanet.org\/et\/nutriplanet\/","og_site_name":"Nutriplanet","article_publisher":"https:\/\/www.facebook.com\/nutriplanet.health.hub","article_modified_time":"2014-05-13T11:33:18+00:00","og_image":[{"width":2040,"height":1261,"url":"https:\/\/www.nutriplanet.org\/wp-content\/uploads\/2013\/10\/P6070675-copy1.jpg","type":"image\/jpeg"}],"twitter_card":"summary_large_image","twitter_site":"@thenutriplanet","twitter_misc":{"Est. reading time":"1 minut"},"schema":{"@context":"https:\/\/schema.org","@graph":[{"@type":"WebPage","@id":"https:\/\/www.nutriplanet.org\/et\/nutriplanet\/","url":"https:\/\/www.nutriplanet.org\/et\/nutriplanet\/","name":"About Nutriplanet","isPartOf":{"@id":"https:\/\/www.nutriplanet.org\/et\/#website"},"primaryImageOfPage":{"@id":"https:\/\/www.nutriplanet.org\/et\/nutriplanet\/#primaryimage"},"image":{"@id":"https:\/\/www.nutriplanet.org\/et\/nutriplanet\/#primaryimage"},"thumbnailUrl":"https:\/\/www.nutriplanet.org\/wp-content\/uploads\/2013\/10\/P6070675-copy1.jpg","datePublished":"2014-01-31T09:14:18+00:00","dateModified":"2014-05-13T11:33:18+00:00","description":"Nutriplanet Health Hub will help health conscious and active people live happy, healthy, long lives by making right and sensible choices.","breadcrumb":{"@id":"https:\/\/www.nutriplanet.org\/et\/nutriplanet\/#breadcrumb"},"inLanguage":"et","potentialAction":[{"@type":"ReadAction","target":["https:\/\/www.nutriplanet.org\/et\/nutriplanet\/"]}]},{"@type":"ImageObject","inLanguage":"et","@id":"https:\/\/www.nutriplanet.org\/et\/nutriplanet\/#primaryimage","url":"https:\/\/www.nutriplanet.org\/wp-content\/uploads\/2013\/10\/P6070675-copy1.jpg","contentUrl":"https:\/\/www.nutriplanet.org\/wp-content\/uploads\/2013\/10\/P6070675-copy1.jpg","width":2040,"height":1261},{"@type":"BreadcrumbList","@id":"https:\/\/www.nutriplanet.org\/et\/nutriplanet\/#breadcrumb","itemListElement":[{"@type":"ListItem","position":1,"name":"Home","item":"https:\/\/www.nutriplanet.org\/et\/"},{"@type":"ListItem","position":2,"name":"Nutriplanet"}]},{"@type":"WebSite","@id":"https:\/\/www.nutriplanet.org\/et\/#website","url":"https:\/\/www.nutriplanet.org\/et\/","name":"Nutriplanet","description":"Taimse terviktoidu retseptid. \u00d5lita. Suhkruta. Lihtsad ja puhtad.","publisher":{"@id":"https:\/\/www.nutriplanet.org\/et\/#\/schema\/person\/79dcbfd752d700942d68aa83a9197e2a"},"potentialAction":[{"@type":"SearchAction","target":{"@type":"EntryPoint","urlTemplate":"https:\/\/www.nutriplanet.org\/et\/?s={search_term_string}"},"query-input":{"@type":"PropertyValueSpecification","valueRequired":true,"valueName":"search_term_string"}}],"inLanguage":"et"},{"@type":["Person","Organization"],"@id":"https:\/\/www.nutriplanet.org\/et\/#\/schema\/person\/79dcbfd752d700942d68aa83a9197e2a","name":"Nele Liivlaid","image":{"@type":"ImageObject","inLanguage":"et","@id":"https:\/\/www.nutriplanet.org\/et\/#\/schema\/person\/image\/","url":"https:\/\/www.nutriplanet.org\/wp-content\/uploads\/2019\/06\/MG_6208-500x500.jpg","contentUrl":"https:\/\/www.nutriplanet.org\/wp-content\/uploads\/2019\/06\/MG_6208-500x500.jpg","width":500,"height":500,"caption":"Nele Liivlaid"},"logo":{"@id":"https:\/\/www.nutriplanet.org\/et\/#\/schema\/person\/image\/"},"description":"I've been into healthy eating for many years, but developed a more profound interest in nutrition and related diseases when I started reading The China Study and other special books on nutrition. After being in real estate and hospitality business for more than 10 years I decided to totally change my path to spread the word about healthy and sustainable nutrition and lifestyle. I hope you enjoy my whole food plant-based recipes and practical tips!","sameAs":["https:\/\/www.nutriplanet.org","https:\/\/www.facebook.com\/nutriplanet.health.hub","https:\/\/www.instagram.com\/thenutriplanet\/","https:\/\/www.pinterest.com\/nutriplanet\/","https:\/\/x.com\/thenutriplanet","https:\/\/www.youtube.com\/channel\/UCG0mgoKaw8J8OZ6ja3VzedQ","https:\/\/nutriplanet.tumblr.com\/"]}]}},"jetpack-related-posts":[],"jetpack_sharing_enabled":true,"_links":{"self":[{"href":"https:\/\/www.nutriplanet.org\/et\/wp-json\/wp\/v2\/pages\/185","targetHints":{"allow":["GET"]}}],"collection":[{"href":"https:\/\/www.nutriplanet.org\/et\/wp-json\/wp\/v2\/pages"}],"about":[{"href":"https:\/\/www.nutriplanet.org\/et\/wp-json\/wp\/v2\/types\/page"}],"author":[{"embeddable":true,"href":"https:\/\/www.nutriplanet.org\/et\/wp-json\/wp\/v2\/users\/2"}],"replies":[{"embeddable":true,"href":"https:\/\/www.nutriplanet.org\/et\/wp-json\/wp\/v2\/comments?post=185"}],"version-history":[{"count":0,"href":"https:\/\/www.nutriplanet.org\/et\/wp-json\/wp\/v2\/pages\/185\/revisions"}],"wp:featuredmedia":[{"embeddable":true,"href":"https:\/\/www.nutriplanet.org\/et\/wp-json\/wp\/v2\/media\/629"}],"wp:attachment":[{"href":"https:\/\/www.nutriplanet.org\/et\/wp-json\/wp\/v2\/media?parent=185"}],"curies":[{"name":"wp","href":"https:\/\/api.w.org\/{rel}","templated":true}]}}